{"id":4302,"date":"2024-11-07T07:35:31","date_gmt":"2024-11-07T07:35:31","guid":{"rendered":"https:\/\/www.praktijkverlinden.nl\/natuurtherapie\/?page_id=4302"},"modified":"2024-11-26T13:29:53","modified_gmt":"2024-11-26T13:29:53","slug":"wilkommen","status":"publish","type":"page","link":"https:\/\/www.praktijkverlinden.nl\/natuurtherapie\/wilkommen\/","title":{"rendered":"Wilkommen"},"content":{"rendered":"\t\t<div data-elementor-type=\"wp-page\" data-elementor-id=\"4302\" class=\"elementor elementor-4302\" data-elementor-settings=\"[]\">\n\t\t\t\t\t\t\t<div class=\"elementor-section-wrap\">\n\t\t\t\t\t\t\t<section class=\"elementor-section elementor-top-section elementor-element elementor-element-adfc4b2 elementor-section-boxed elementor-section-height-default elementor-section-height-default\" data-id=\"adfc4b2\" data-element_type=\"section\" data-settings=\"{&quot;background_background&quot;:&quot;slideshow&quot;,&quot;background_slideshow_gallery&quot;:[{&quot;id&quot;:4023,&quot;url&quot;:&quot;https:\\\/\\\/www.praktijkverlinden.nl\\\/natuurtherapie\\\/wp-content\\\/uploads\\\/2024\\\/11\\\/Herfst-1.png&quot;},{&quot;id&quot;:4021,&quot;url&quot;:&quot;https:\\\/\\\/www.praktijkverlinden.nl\\\/natuurtherapie\\\/wp-content\\\/uploads\\\/2024\\\/11\\\/Winter.png&quot;},{&quot;id&quot;:4022,&quot;url&quot;:&quot;https:\\\/\\\/www.praktijkverlinden.nl\\\/natuurtherapie\\\/wp-content\\\/uploads\\\/2024\\\/11\\\/Lente.png&quot;},{&quot;id&quot;:4392,&quot;url&quot;:&quot;https:\\\/\\\/www.praktijkverlinden.nl\\\/natuurtherapie\\\/wp-content\\\/uploads\\\/2024\\\/11\\\/zomerhuub.png&quot;}],&quot;background_slideshow_loop&quot;:&quot;yes&quot;,&quot;background_slideshow_slide_duration&quot;:5000,&quot;background_slideshow_slide_transition&quot;:&quot;fade&quot;,&quot;background_slideshow_transition_duration&quot;:500}\">\n\t\t\t\t\t\t<div class=\"elementor-container elementor-column-gap-default\">\n\t\t\t\t\t<div class=\"elementor-column elementor-col-100 elementor-top-column elementor-element elementor-element-5f3ab9f\" data-id=\"5f3ab9f\" data-element_type=\"column\">\n\t\t\t<div class=\"elementor-widget-wrap elementor-element-populated\">\n\t\t\t\t\t\t\t\t<section class=\"elementor-section elementor-inner-section elementor-element elementor-element-08bcf44 elementor-section-boxed elementor-section-height-default elementor-section-height-default\" data-id=\"08bcf44\" data-element_type=\"section\">\n\t\t\t\t\t\t<div class=\"elementor-container elementor-column-gap-default\">\n\t\t\t\t\t<div class=\"elementor-column elementor-col-50 elementor-inner-column elementor-element elementor-element-6848a90\" data-id=\"6848a90\" data-element_type=\"column\">\n\t\t\t<div class=\"elementor-widget-wrap\">\n\t\t\t\t\t\t\t\t\t<\/div>\n\t\t<\/div>\n\t\t\t\t<div class=\"elementor-column elementor-col-50 elementor-inner-column elementor-element elementor-element-e931b71\" data-id=\"e931b71\" data-element_type=\"column\">\n\t\t\t<div class=\"elementor-widget-wrap elementor-element-populated\">\n\t\t\t\t\t\t\t\t<div class=\"elementor-element elementor-element-4ff1278 elementor-widget elementor-widget-html\" data-id=\"4ff1278\" data-element_type=\"widget\" data-widget_type=\"html.default\">\n\t\t\t\t<div class=\"elementor-widget-container\">\n\t\t\t<style>\n.taalswitch a {\ncolor: #fff !important;\n}\n<\/style>\t\t<\/div>\n\t\t\t\t<\/div>\n\t\t\t\t<div class=\"elementor-element elementor-element-5f7a86a elementor-widget__width-auto elementor-absolute taalswitch elementor-widget elementor-widget-text-editor\" data-id=\"5f7a86a\" data-element_type=\"widget\" data-settings=\"{&quot;_position&quot;:&quot;absolute&quot;}\" data-widget_type=\"text-editor.default\">\n\t\t\t\t<div class=\"elementor-widget-container\">\n\t\t\t\t\t\t\t<p><a href=\"https:\/\/www.praktijkverlinden.nl\/natuurtherapie\/\">NL<\/a><\/p>\t\t\t\t\t\t<\/div>\n\t\t\t\t<\/div>\n\t\t\t\t<div class=\"elementor-element elementor-element-0878ff5 elementor-widget__width-auto elementor-absolute taalswitch elementor-widget elementor-widget-text-editor\" data-id=\"0878ff5\" data-element_type=\"widget\" data-settings=\"{&quot;_position&quot;:&quot;absolute&quot;}\" data-widget_type=\"text-editor.default\">\n\t\t\t\t<div class=\"elementor-widget-container\">\n\t\t\t\t\t\t\t<p><a href=\"https:\/\/www.praktijkverlinden.nl\/natuurtherapie\/wilkommen\">DE<\/a><\/p>\t\t\t\t\t\t<\/div>\n\t\t\t\t<\/div>\n\t\t\t\t\t<\/div>\n\t\t<\/div>\n\t\t\t\t\t\t\t<\/div>\n\t\t<\/section>\n\t\t\t\t<section class=\"elementor-section elementor-inner-section elementor-element elementor-element-a0a36c4 elementor-section-boxed elementor-section-height-default elementor-section-height-default\" data-id=\"a0a36c4\" data-element_type=\"section\">\n\t\t\t\t\t\t<div class=\"elementor-container elementor-column-gap-default\">\n\t\t\t\t\t<div class=\"elementor-column elementor-col-50 elementor-inner-column elementor-element elementor-element-08ef968\" data-id=\"08ef968\" data-element_type=\"column\">\n\t\t\t<div class=\"elementor-widget-wrap\">\n\t\t\t\t\t\t\t\t\t<\/div>\n\t\t<\/div>\n\t\t\t\t<div class=\"elementor-column elementor-col-50 elementor-inner-column elementor-element elementor-element-e218be9\" data-id=\"e218be9\" data-element_type=\"column\" data-settings=\"{&quot;background_background&quot;:&quot;classic&quot;}\">\n\t\t\t<div class=\"elementor-widget-wrap elementor-element-populated\">\n\t\t\t\t\t\t\t\t<div class=\"elementor-element elementor-element-df164be elementor-widget elementor-widget-heading\" data-id=\"df164be\" data-element_type=\"widget\" data-widget_type=\"heading.default\">\n\t\t\t\t<div class=\"elementor-widget-container\">\n\t\t\t<h2 class=\"elementor-heading-title elementor-size-default\">Praktijk voor\nNatuurtherapie\u200b Huub Verlinden<\/h2>\t\t<\/div>\n\t\t\t\t<\/div>\n\t\t\t\t<div class=\"elementor-element elementor-element-2571860 elementor-widget elementor-widget-text-editor\" data-id=\"2571860\" data-element_type=\"widget\" data-widget_type=\"text-editor.default\">\n\t\t\t\t<div class=\"elementor-widget-container\">\n\t\t\t\t\t\t\t<p>Fysiotherapeut, Manueel therapeut, Kinesioloog, Acupuncturist, Grondlegger systemisch zelfbalans.<\/p>\t\t\t\t\t\t<\/div>\n\t\t\t\t<\/div>\n\t\t\t\t<div class=\"elementor-element elementor-element-dab654b elementor-widget elementor-widget-button\" data-id=\"dab654b\" data-element_type=\"widget\" data-widget_type=\"button.default\">\n\t\t\t\t<div class=\"elementor-widget-container\">\n\t\t\t\t\t<div class=\"elementor-button-wrapper\">\n\t\t\t<a href=\"https:\/\/www.praktijkverlinden.nl\/natuurtherapie\/kontakt\/\" class=\"elementor-button-link elementor-button elementor-size-sm\" role=\"button\">\n\t\t\t\t\t\t<span class=\"elementor-button-content-wrapper\">\n\t\t\t\t\t\t<span class=\"elementor-button-icon elementor-align-icon-right\">\n\t\t\t\t<i aria-hidden=\"true\" class=\"fas fa-chevron-right\"><\/i>\t\t\t<\/span>\n\t\t\t\t\t\t<span class=\"elementor-button-text\">Kontaktformular<\/span>\n\t\t<\/span>\n\t\t\t\t\t<\/a>\n\t\t<\/div>\n\t\t\t\t<\/div>\n\t\t\t\t<\/div>\n\t\t\t\t\t<\/div>\n\t\t<\/div>\n\t\t\t\t\t\t\t<\/div>\n\t\t<\/section>\n\t\t\t\t\t<\/div>\n\t\t<\/div>\n\t\t\t\t\t\t\t<\/div>\n\t\t<\/section>\n\t\t\t\t<section class=\"elementor-section elementor-top-section elementor-element elementor-element-9c9bf2d elementor-section-boxed elementor-section-height-default elementor-section-height-default\" data-id=\"9c9bf2d\" data-element_type=\"section\">\n\t\t\t\t\t\t<div class=\"elementor-container elementor-column-gap-default\">\n\t\t\t\t\t<div class=\"elementor-column elementor-col-100 elementor-top-column elementor-element elementor-element-b06536e\" data-id=\"b06536e\" data-element_type=\"column\">\n\t\t\t<div class=\"elementor-widget-wrap elementor-element-populated\">\n\t\t\t\t\t\t\t\t<div class=\"elementor-element elementor-element-2c18bc7 elementor-widget elementor-widget-html\" data-id=\"2c18bc7\" data-element_type=\"widget\" data-widget_type=\"html.default\">\n\t\t\t\t<div class=\"elementor-widget-container\">\n\t\t\t<style>\n  .infobox-content h2 {\n    margin-bottom: 0;\n}  \n    .infobox-content p {\n        display:none;\n    }\n.eael-infobox {\n    padding: 35px 0px 30px 0px;\n} \n\n.upk-fanel-list .upk-item:hover {\n    box-shadow: 0 0 0px rgba(43, 45, 66, 0.3)!important;\n}\n\n.profielfoto {\n    transform: scaleX(-1);\n}\n\n\n@media (min-width: 1024px) {\n    .equalheight {\n        min-height: 200px;\n}\n}\n\n\n\n\n<\/style>\t\t<\/div>\n\t\t\t\t<\/div>\n\t\t\t\t\t<\/div>\n\t\t<\/div>\n\t\t\t\t\t\t\t<\/div>\n\t\t<\/section>\n\t\t\t\t<section class=\"elementor-section elementor-top-section elementor-element elementor-element-f6ba9fb elementor-section-boxed elementor-section-height-default elementor-section-height-default\" data-id=\"f6ba9fb\" data-element_type=\"section\">\n\t\t\t\t\t\t<div class=\"elementor-container elementor-column-gap-default\">\n\t\t\t\t\t<div class=\"elementor-column elementor-col-100 elementor-top-column elementor-element elementor-element-9692d29\" data-id=\"9692d29\" data-element_type=\"column\">\n\t\t\t<div class=\"elementor-widget-wrap elementor-element-populated\">\n\t\t\t\t\t\t\t\t<section class=\"elementor-section elementor-inner-section elementor-element elementor-element-42f8de4 elementor-section-boxed elementor-section-height-default elementor-section-height-default\" data-id=\"42f8de4\" data-element_type=\"section\">\n\t\t\t\t\t\t<div class=\"elementor-container elementor-column-gap-default\">\n\t\t\t\t\t<div class=\"elementor-column elementor-col-50 elementor-inner-column elementor-element elementor-element-f4e8fc4\" data-id=\"f4e8fc4\" data-element_type=\"column\">\n\t\t\t<div class=\"elementor-widget-wrap elementor-element-populated\">\n\t\t\t\t\t\t\t\t<div class=\"elementor-element elementor-element-359d1fd elementor-widget elementor-widget-heading\" data-id=\"359d1fd\" data-element_type=\"widget\" data-widget_type=\"heading.default\">\n\t\t\t\t<div class=\"elementor-widget-container\">\n\t\t\t<h2 class=\"elementor-heading-title elementor-size-default\">Wilkommen<\/h2>\t\t<\/div>\n\t\t\t\t<\/div>\n\t\t\t\t<div class=\"elementor-element elementor-element-458302b elementor-widget elementor-widget-text-editor\" data-id=\"458302b\" data-element_type=\"widget\" data-widget_type=\"text-editor.default\">\n\t\t\t\t<div class=\"elementor-widget-container\">\n\t\t\t\t\t\t\t<p>Ich bin Huub Verlinden (25. November 1948).<br>Durch den K\u00f6rper mit dem Menschen und durch den Menschen mit dem K\u00f6rper zu arbeiten, ist total mein Ding.<\/p>\n<p>Normalerweise verschwindet eine auftretende Beschwerde von selbst. Wenn das nicht passiert, ist die Frage f\u00fcr mich nicht, was man hat, sondern &#8220;Warum tut der K\u00f6rper nicht einfach das, was er schon h\u00e4tte tun sollen?&#8221; Also:<\/p>\t\t\t\t\t\t<\/div>\n\t\t\t\t<\/div>\n\t\t\t\t<div class=\"elementor-element elementor-element-554f444 elementor-icon-list--layout-traditional elementor-list-item-link-full_width elementor-widget elementor-widget-icon-list\" data-id=\"554f444\" data-element_type=\"widget\" data-widget_type=\"icon-list.default\">\n\t\t\t\t<div class=\"elementor-widget-container\">\n\t\t\t\t\t<ul class=\"elementor-icon-list-items\">\n\t\t\t\t\t\t\t<li class=\"elementor-icon-list-item\">\n\t\t\t\t\t\t\t\t\t\t\t<span class=\"elementor-icon-list-icon\">\n\t\t\t\t\t\t\t<i aria-hidden=\"true\" class=\"far fa-question-circle\"><\/i>\t\t\t\t\t\t<\/span>\n\t\t\t\t\t\t\t\t\t\t<span class=\"elementor-icon-list-text\">Warum gehen die Schmerzen nicht weg?<\/span>\n\t\t\t\t\t\t\t\t\t<\/li>\n\t\t\t\t\t\t\t\t<li class=\"elementor-icon-list-item\">\n\t\t\t\t\t\t\t\t\t\t\t<span class=\"elementor-icon-list-icon\">\n\t\t\t\t\t\t\t<i aria-hidden=\"true\" class=\"far fa-question-circle\"><\/i>\t\t\t\t\t\t<\/span>\n\t\t\t\t\t\t\t\t\t\t<span class=\"elementor-icon-list-text\">Warum heilst du nicht?<\/span>\n\t\t\t\t\t\t\t\t\t<\/li>\n\t\t\t\t\t\t\t\t<li class=\"elementor-icon-list-item\">\n\t\t\t\t\t\t\t\t\t\t\t<span class=\"elementor-icon-list-icon\">\n\t\t\t\t\t\t\t<i aria-hidden=\"true\" class=\"far fa-question-circle\"><\/i>\t\t\t\t\t\t<\/span>\n\t\t\t\t\t\t\t\t\t\t<span class=\"elementor-icon-list-text\">Warum machst du in deinem Leben nicht Fortschritte?<\/span>\n\t\t\t\t\t\t\t\t\t<\/li>\n\t\t\t\t\t\t<\/ul>\n\t\t\t\t<\/div>\n\t\t\t\t<\/div>\n\t\t\t\t\t<\/div>\n\t\t<\/div>\n\t\t\t\t<div class=\"elementor-column elementor-col-50 elementor-inner-column elementor-element elementor-element-2ae7933\" data-id=\"2ae7933\" data-element_type=\"column\">\n\t\t\t<div class=\"elementor-widget-wrap elementor-element-populated\">\n\t\t\t\t\t\t\t\t<div class=\"elementor-element elementor-element-2916c04 profielfoto elementor-widget__width-auto elementor-widget elementor-widget-image\" data-id=\"2916c04\" data-element_type=\"widget\" data-widget_type=\"image.default\">\n\t\t\t\t<div class=\"elementor-widget-container\">\n\t\t\t\t\t\t\t\t\t\t\t\t\t\t\t<img loading=\"lazy\" decoding=\"async\" width=\"683\" height=\"1024\" src=\"https:\/\/www.praktijkverlinden.nl\/natuurtherapie\/wp-content\/uploads\/2024\/11\/Huub-13-683x1024.jpeg\" class=\"attachment-large size-large\" alt=\"\" srcset=\"https:\/\/www.praktijkverlinden.nl\/natuurtherapie\/wp-content\/uploads\/2024\/11\/Huub-13-683x1024.jpeg 683w, https:\/\/www.praktijkverlinden.nl\/natuurtherapie\/wp-content\/uploads\/2024\/11\/Huub-13-200x300.jpeg 200w, https:\/\/www.praktijkverlinden.nl\/natuurtherapie\/wp-content\/uploads\/2024\/11\/Huub-13-768x1152.jpeg 768w, https:\/\/www.praktijkverlinden.nl\/natuurtherapie\/wp-content\/uploads\/2024\/11\/Huub-13-1024x1536.jpeg 1024w, https:\/\/www.praktijkverlinden.nl\/natuurtherapie\/wp-content\/uploads\/2024\/11\/Huub-13-1365x2048.jpeg 1365w, https:\/\/www.praktijkverlinden.nl\/natuurtherapie\/wp-content\/uploads\/2024\/11\/Huub-13-scaled.jpeg 1707w\" sizes=\"(max-width: 683px) 100vw, 683px\" \/>\t\t\t\t\t\t\t\t\t\t\t\t\t\t\t<\/div>\n\t\t\t\t<\/div>\n\t\t\t\t<div class=\"elementor-element elementor-element-bd30685 elementor-widget__width-auto elementor-widget elementor-widget-button\" data-id=\"bd30685\" data-element_type=\"widget\" data-widget_type=\"button.default\">\n\t\t\t\t<div class=\"elementor-widget-container\">\n\t\t\t\t\t<div class=\"elementor-button-wrapper\">\n\t\t\t<a href=\"https:\/\/www.praktijkverlinden.nl\/natuurtherapie\/kontakt\/\" class=\"elementor-button-link elementor-button elementor-size-sm\" role=\"button\">\n\t\t\t\t\t\t<span class=\"elementor-button-content-wrapper\">\n\t\t\t\t\t\t<span class=\"elementor-button-icon elementor-align-icon-right\">\n\t\t\t\t<i aria-hidden=\"true\" class=\"fas fa-chevron-right\"><\/i>\t\t\t<\/span>\n\t\t\t\t\t\t<span class=\"elementor-button-text\">Kontaktformular<\/span>\n\t\t<\/span>\n\t\t\t\t\t<\/a>\n\t\t<\/div>\n\t\t\t\t<\/div>\n\t\t\t\t<\/div>\n\t\t\t\t\t<\/div>\n\t\t<\/div>\n\t\t\t\t\t\t\t<\/div>\n\t\t<\/section>\n\t\t\t\t\t<\/div>\n\t\t<\/div>\n\t\t\t\t\t\t\t<\/div>\n\t\t<\/section>\n\t\t\t\t<section class=\"elementor-section elementor-top-section elementor-element elementor-element-7b6be08 elementor-section-boxed elementor-section-height-default elementor-section-height-default\" data-id=\"7b6be08\" data-element_type=\"section\">\n\t\t\t\t\t\t<div class=\"elementor-container elementor-column-gap-default\">\n\t\t\t\t\t<div class=\"elementor-column elementor-col-100 elementor-top-column elementor-element elementor-element-9172e98\" data-id=\"9172e98\" data-element_type=\"column\">\n\t\t\t<div class=\"elementor-widget-wrap elementor-element-populated\">\n\t\t\t\t\t\t\t\t<div class=\"elementor-element elementor-element-c98a8a4 elementor-widget elementor-widget-image-carousel\" data-id=\"c98a8a4\" data-element_type=\"widget\" data-settings=\"{&quot;slides_to_show&quot;:&quot;3&quot;,&quot;navigation&quot;:&quot;none&quot;,&quot;autoplay&quot;:&quot;yes&quot;,&quot;pause_on_hover&quot;:&quot;yes&quot;,&quot;pause_on_interaction&quot;:&quot;yes&quot;,&quot;autoplay_speed&quot;:5000,&quot;infinite&quot;:&quot;yes&quot;,&quot;speed&quot;:500}\" data-widget_type=\"image-carousel.default\">\n\t\t\t\t<div class=\"elementor-widget-container\">\n\t\t\t\t\t<div class=\"elementor-image-carousel-wrapper swiper-container\" dir=\"ltr\">\n\t\t\t<div class=\"elementor-image-carousel swiper-wrapper\">\n\t\t\t\t\t\t\t\t<div class=\"swiper-slide\"><figure class=\"swiper-slide-inner\"><img decoding=\"async\" class=\"swiper-slide-image\" src=\"https:\/\/www.praktijkverlinden.nl\/natuurtherapie\/wp-content\/uploads\/2024\/10\/logo_nva-01.png\" alt=\"logo_nva-01\" \/><\/figure><\/div><div class=\"swiper-slide\"><figure class=\"swiper-slide-inner\"><img decoding=\"async\" class=\"swiper-slide-image\" src=\"https:\/\/www.praktijkverlinden.nl\/natuurtherapie\/wp-content\/uploads\/2024\/10\/logo_kab-01.png\" alt=\"logo_kab-01\" \/><\/figure><\/div><div class=\"swiper-slide\"><figure class=\"swiper-slide-inner\"><img decoding=\"async\" class=\"swiper-slide-image\" src=\"https:\/\/www.praktijkverlinden.nl\/natuurtherapie\/wp-content\/uploads\/2024\/10\/logo_ltbalance-01.png\" alt=\"logo_ltbalance-01\" \/><\/figure><\/div>\t\t\t<\/div>\n\t\t\t\t\t\t\t\t\t\t\t\t\t\t\t\t<\/div>\n\t\t\t\t<\/div>\n\t\t\t\t<\/div>\n\t\t\t\t\t<\/div>\n\t\t<\/div>\n\t\t\t\t\t\t\t<\/div>\n\t\t<\/section>\n\t\t\t\t\t\t<\/div>\n\t\t\t\t\t<\/div>\n\t\t","protected":false},"excerpt":{"rendered":"<p>NL DE Praktijk voor Natuurtherapie\u200b Huub Verlinden Fysiotherapeut, Manueel therapeut, Kinesioloog, Acupuncturist, Grondlegger systemisch zelfbalans. Kontaktformular Wilkommen Ich bin Huub Verlinden (25. November 1948).Durch den K\u00f6rper mit dem Menschen und durch den Menschen mit dem K\u00f6rper zu arbeiten, ist total mein Ding. Normalerweise verschwindet eine auftretende Beschwerde von selbst. Wenn das nicht passiert, ist die &hellip;<\/p>\n<p class=\"read-more\"> <a class=\"\" href=\"https:\/\/www.praktijkverlinden.nl\/natuurtherapie\/wilkommen\/\"> <span class=\"screen-reader-text\">Wilkommen<\/span> Lees meer &raquo;<\/a><\/p>\n","protected":false},"author":1,"featured_media":0,"parent":0,"menu_order":0,"comment_status":"closed","ping_status":"closed","template":"","meta":{"footnotes":""},"class_list":["post-4302","page","type-page","status-publish","hentry"],"_links":{"self":[{"href":"https:\/\/www.praktijkverlinden.nl\/natuurtherapie\/wp-json\/wp\/v2\/pages\/4302"}],"collection":[{"href":"https:\/\/www.praktijkverlinden.nl\/natuurtherapie\/wp-json\/wp\/v2\/pages"}],"about":[{"href":"https:\/\/www.praktijkverlinden.nl\/natuurtherapie\/wp-json\/wp\/v2\/types\/page"}],"author":[{"embeddable":true,"href":"https:\/\/www.praktijkverlinden.nl\/natuurtherapie\/wp-json\/wp\/v2\/users\/1"}],"replies":[{"embeddable":true,"href":"https:\/\/www.praktijkverlinden.nl\/natuurtherapie\/wp-json\/wp\/v2\/comments?post=4302"}],"version-history":[{"count":31,"href":"https:\/\/www.praktijkverlinden.nl\/natuurtherapie\/wp-json\/wp\/v2\/pages\/4302\/revisions"}],"predecessor-version":[{"id":4515,"href":"https:\/\/www.praktijkverlinden.nl\/natuurtherapie\/wp-json\/wp\/v2\/pages\/4302\/revisions\/4515"}],"wp:attachment":[{"href":"https:\/\/www.praktijkverlinden.nl\/natuurtherapie\/wp-json\/wp\/v2\/media?parent=4302"}],"curies":[{"name":"wp","href":"https:\/\/api.w.org\/{rel}","templated":true}]}}