{"id":4312,"date":"2024-11-07T07:40:01","date_gmt":"2024-11-07T07:40:01","guid":{"rendered":"https:\/\/www.praktijkverlinden.nl\/natuurtherapie\/?page_id=4312"},"modified":"2024-11-07T15:21:44","modified_gmt":"2024-11-07T15:21:44","slug":"lt-balance-2","status":"publish","type":"page","link":"https:\/\/www.praktijkverlinden.nl\/natuurtherapie\/lt-balance-2\/","title":{"rendered":"LT-Balance"},"content":{"rendered":"\t\t<div data-elementor-type=\"wp-page\" data-elementor-id=\"4312\" class=\"elementor elementor-4312\" data-elementor-settings=\"[]\">\n\t\t\t\t\t\t\t<div class=\"elementor-section-wrap\">\n\t\t\t\t\t\t\t<section class=\"elementor-section elementor-top-section elementor-element elementor-element-adfc4b2 elementor-section-height-min-height elementor-section-boxed elementor-section-height-default elementor-section-items-middle\" data-id=\"adfc4b2\" data-element_type=\"section\" data-settings=\"{&quot;background_background&quot;:&quot;slideshow&quot;,&quot;background_slideshow_gallery&quot;:[{&quot;id&quot;:4023,&quot;url&quot;:&quot;https:\\\/\\\/www.praktijkverlinden.nl\\\/natuurtherapie\\\/wp-content\\\/uploads\\\/2024\\\/11\\\/Herfst-1.png&quot;},{&quot;id&quot;:4021,&quot;url&quot;:&quot;https:\\\/\\\/www.praktijkverlinden.nl\\\/natuurtherapie\\\/wp-content\\\/uploads\\\/2024\\\/11\\\/Winter.png&quot;},{&quot;id&quot;:4022,&quot;url&quot;:&quot;https:\\\/\\\/www.praktijkverlinden.nl\\\/natuurtherapie\\\/wp-content\\\/uploads\\\/2024\\\/11\\\/Lente.png&quot;},{&quot;id&quot;:4392,&quot;url&quot;:&quot;https:\\\/\\\/www.praktijkverlinden.nl\\\/natuurtherapie\\\/wp-content\\\/uploads\\\/2024\\\/11\\\/zomerhuub.png&quot;}],&quot;background_slideshow_transition_duration&quot;:1000,&quot;background_slideshow_loop&quot;:&quot;yes&quot;,&quot;background_slideshow_slide_duration&quot;:5000,&quot;background_slideshow_slide_transition&quot;:&quot;fade&quot;}\">\n\t\t\t\t\t\t<div class=\"elementor-container elementor-column-gap-default\">\n\t\t\t\t\t<div class=\"elementor-column elementor-col-100 elementor-top-column elementor-element elementor-element-67c3817\" data-id=\"67c3817\" data-element_type=\"column\">\n\t\t\t<div class=\"elementor-widget-wrap elementor-element-populated\">\n\t\t\t\t\t\t\t\t<div class=\"elementor-element elementor-element-b17adf5 elementor-widget elementor-widget-heading\" data-id=\"b17adf5\" data-element_type=\"widget\" data-widget_type=\"heading.default\">\n\t\t\t\t<div class=\"elementor-widget-container\">\n\t\t\t<h2 class=\"elementor-heading-title elementor-size-default\">LT-Balance<\/h2>\t\t<\/div>\n\t\t\t\t<\/div>\n\t\t\t\t\t<\/div>\n\t\t<\/div>\n\t\t\t\t\t\t\t<\/div>\n\t\t<\/section>\n\t\t\t\t<section class=\"elementor-section elementor-top-section elementor-element elementor-element-f6ba9fb elementor-section-boxed elementor-section-height-default elementor-section-height-default\" data-id=\"f6ba9fb\" data-element_type=\"section\">\n\t\t\t\t\t\t<div class=\"elementor-container elementor-column-gap-default\">\n\t\t\t\t\t<div class=\"elementor-column elementor-col-100 elementor-top-column elementor-element elementor-element-9692d29\" data-id=\"9692d29\" data-element_type=\"column\">\n\t\t\t<div class=\"elementor-widget-wrap elementor-element-populated\">\n\t\t\t\t\t\t\t\t<section class=\"elementor-section elementor-inner-section elementor-element elementor-element-42f8de4 elementor-section-boxed elementor-section-height-default elementor-section-height-default\" data-id=\"42f8de4\" data-element_type=\"section\">\n\t\t\t\t\t\t<div class=\"elementor-container elementor-column-gap-default\">\n\t\t\t\t\t<div class=\"elementor-column elementor-col-50 elementor-inner-column elementor-element elementor-element-f4e8fc4\" data-id=\"f4e8fc4\" data-element_type=\"column\">\n\t\t\t<div class=\"elementor-widget-wrap elementor-element-populated\">\n\t\t\t\t\t\t\t\t<div class=\"elementor-element elementor-element-359d1fd elementor-widget elementor-widget-heading\" data-id=\"359d1fd\" data-element_type=\"widget\" data-widget_type=\"heading.default\">\n\t\t\t\t<div class=\"elementor-widget-container\">\n\t\t\t<h2 class=\"elementor-heading-title elementor-size-default\">Life Tree Balance<\/h2>\t\t<\/div>\n\t\t\t\t<\/div>\n\t\t\t\t<div class=\"elementor-element elementor-element-458302b elementor-widget elementor-widget-text-editor\" data-id=\"458302b\" data-element_type=\"widget\" data-widget_type=\"text-editor.default\">\n\t\t\t\t<div class=\"elementor-widget-container\">\n\t\t\t\t\t\t\t<p>LT-Balance (Life Tree Balance) ist eine Organisation, die meine Frau Annette und ich gegr\u00fcndet haben, um die Arbeit mit der Selbstheilungsf\u00e4higkeit zu propagieren.<\/p>\n<p>Der Kurs Systemische Selbstbalance dauert 2 Samstage, mit einem Monat dazwischen.<br>Der Workshop &#8220;Arbeiten mit der Selbstheilungsf\u00e4higkeit&#8221; dauert 1 Tag.<\/p><p><span style=\"color: var(--ast-global-color-2); font-style: inherit; font-weight: inherit;\">Der interaktive Vortrag &#8220;Die Selbstheilungsf\u00e4higkeit&#8221; dauert 2,5 Stunden.<\/span><\/p>\n<p>Kurse, Workshops oder Vortr\u00e4ge werden nur auf Anfrage gegeben.<br>Wenn Sie einen Kurs, Workshop oder Vortrag organisieren m\u00f6chten, k\u00f6nnen Sie Kontakt aufnehmen.<br>Tel. 0031-45-5600530, 0031-6-25590310, oder \u00fcber das Kontaktformular<\/p>\n<p><br><\/p>\t\t\t\t\t\t<\/div>\n\t\t\t\t<\/div>\n\t\t\t\t\t<\/div>\n\t\t<\/div>\n\t\t\t\t<div class=\"elementor-column elementor-col-50 elementor-inner-column elementor-element elementor-element-2ae7933\" data-id=\"2ae7933\" data-element_type=\"column\">\n\t\t\t<div class=\"elementor-widget-wrap elementor-element-populated\">\n\t\t\t\t\t\t\t\t<div class=\"elementor-element elementor-element-3995b96 elementor-widget elementor-widget-heading\" data-id=\"3995b96\" data-element_type=\"widget\" data-widget_type=\"heading.default\">\n\t\t\t\t<div class=\"elementor-widget-container\">\n\t\t\t<h2 class=\"elementor-heading-title elementor-size-default\">Sie haben Fragen oder m\u00f6chten einen Termin vereinbaren?<\/h2>\t\t<\/div>\n\t\t\t\t<\/div>\n\t\t\t\t<div class=\"elementor-element elementor-element-2c18bc7 elementor-widget elementor-widget-html\" data-id=\"2c18bc7\" data-element_type=\"widget\" data-widget_type=\"html.default\">\n\t\t\t\t<div class=\"elementor-widget-container\">\n\t\t\t<style>\n    .contactsubmit {\n       width: 100%; \n       color: #fff;\n    }\n    .wpforms-confirmation-container p {\n    color: #fff;\n}\n<\/style>\t\t<\/div>\n\t\t\t\t<\/div>\n\t\t\t\t<div class=\"elementor-element elementor-element-43ea7b8 elementor-widget elementor-widget-wpforms\" data-id=\"43ea7b8\" data-element_type=\"widget\" data-widget_type=\"wpforms.default\">\n\t\t\t\t<div class=\"elementor-widget-container\">\n\t\t\t<div class=\"wpforms-container \" id=\"wpforms-3784\"><form id=\"wpforms-form-3784\" class=\"wpforms-validate wpforms-form\" data-formid=\"3784\" method=\"post\" enctype=\"multipart\/form-data\" action=\"\/natuurtherapie\/wp-json\/wp\/v2\/pages\/4312\" data-token=\"474e997d2cab4235b57e005f62693a39\" data-token-time=\"1776411209\"><noscript class=\"wpforms-error-noscript\">Schakel JavaScript in je browser in om dit formulier in te vullen.<\/noscript><div class=\"wpforms-field-container\"><div id=\"wpforms-3784-field_0-container\" class=\"wpforms-field wpforms-field-name\" data-field-id=\"0\"><label class=\"wpforms-field-label wpforms-label-hide\" for=\"wpforms-3784-field_0\">Contactpersoon <span class=\"wpforms-required-label\">*<\/span><\/label><input type=\"text\" id=\"wpforms-3784-field_0\" class=\"wpforms-field-large wpforms-field-required\" name=\"wpforms[fields][0]\" placeholder=\"Vorname\/Nachname\" required><\/div><div id=\"wpforms-3784-field_1-container\" class=\"wpforms-field wpforms-field-email\" data-field-id=\"1\"><label class=\"wpforms-field-label wpforms-label-hide\" for=\"wpforms-3784-field_1\">E-mail adres <span class=\"wpforms-required-label\">*<\/span><\/label><input type=\"email\" id=\"wpforms-3784-field_1\" class=\"wpforms-field-large wpforms-field-required\" name=\"wpforms[fields][1]\" placeholder=\"E-mail\" spellcheck=\"false\" required><\/div><div id=\"wpforms-3784-field_3-container\" class=\"wpforms-field wpforms-field-number\" data-field-id=\"3\"><label class=\"wpforms-field-label wpforms-label-hide\" for=\"wpforms-3784-field_3\">Telefoonnummer<\/label><input type=\"number\" id=\"wpforms-3784-field_3\" class=\"wpforms-field-large\" name=\"wpforms[fields][3]\" placeholder=\"Telefonnummer\" ><\/div><div id=\"wpforms-3784-field_2-container\" class=\"wpforms-field wpforms-field-textarea\" data-field-id=\"2\"><label class=\"wpforms-field-label wpforms-label-hide\" for=\"wpforms-3784-field_2\">Opmerkingen\/Vragen <span class=\"wpforms-required-label\">*<\/span><\/label><textarea id=\"wpforms-3784-field_2\" class=\"wpforms-field-medium wpforms-field-required\" name=\"wpforms[fields][2]\" placeholder=\"Ihre nachricht\" required><\/textarea><\/div><\/div><!-- .wpforms-field-container --><div class=\"wpforms-field wpforms-field-hp\"><label for=\"wpforms-3784-field-hp\" class=\"wpforms-field-label\">Email<\/label><input type=\"text\" name=\"wpforms[hp]\" id=\"wpforms-3784-field-hp\" class=\"wpforms-field-medium\"><\/div><div class=\"wpforms-submit-container\" ><input type=\"hidden\" name=\"wpforms[id]\" value=\"3784\"><input type=\"hidden\" name=\"page_title\" value=\"\"><input type=\"hidden\" name=\"page_url\" value=\"https:\/\/www.praktijkverlinden.nl\/natuurtherapie\/wp-json\/wp\/v2\/pages\/4312\"><button type=\"submit\" name=\"wpforms[submit]\" id=\"wpforms-submit-3784\" class=\"wpforms-submit contactsubmit\" data-alt-text=\"Wordt verzonden...\" data-submit-text=\"Senden\" aria-live=\"assertive\" value=\"wpforms-submit\">Senden<\/button><\/div><\/form><\/div>  <!-- .wpforms-container -->\t\t<\/div>\n\t\t\t\t<\/div>\n\t\t\t\t\t<\/div>\n\t\t<\/div>\n\t\t\t\t\t\t\t<\/div>\n\t\t<\/section>\n\t\t\t\t\t<\/div>\n\t\t<\/div>\n\t\t\t\t\t\t\t<\/div>\n\t\t<\/section>\n\t\t\t\t\t\t<\/div>\n\t\t\t\t\t<\/div>\n\t\t","protected":false},"excerpt":{"rendered":"<p>LT-Balance Life Tree Balance LT-Balance (Life Tree Balance) ist eine Organisation, die meine Frau Annette und ich gegr\u00fcndet haben, um die Arbeit mit der Selbstheilungsf\u00e4higkeit zu propagieren. Der Kurs Systemische Selbstbalance dauert 2 Samstage, mit einem Monat dazwischen.Der Workshop &#8220;Arbeiten mit der Selbstheilungsf\u00e4higkeit&#8221; dauert 1 Tag. Der interaktive Vortrag &#8220;Die Selbstheilungsf\u00e4higkeit&#8221; dauert 2,5 Stunden. Kurse, &hellip;<\/p>\n<p class=\"read-more\"> <a class=\"\" href=\"https:\/\/www.praktijkverlinden.nl\/natuurtherapie\/lt-balance-2\/\"> <span class=\"screen-reader-text\">LT-Balance<\/span> Lees meer &raquo;<\/a><\/p>\n","protected":false},"author":1,"featured_media":0,"parent":0,"menu_order":0,"comment_status":"closed","ping_status":"closed","template":"","meta":{"footnotes":""},"class_list":["post-4312","page","type-page","status-publish","hentry"],"_links":{"self":[{"href":"https:\/\/www.praktijkverlinden.nl\/natuurtherapie\/wp-json\/wp\/v2\/pages\/4312"}],"collection":[{"href":"https:\/\/www.praktijkverlinden.nl\/natuurtherapie\/wp-json\/wp\/v2\/pages"}],"about":[{"href":"https:\/\/www.praktijkverlinden.nl\/natuurtherapie\/wp-json\/wp\/v2\/types\/page"}],"author":[{"embeddable":true,"href":"https:\/\/www.praktijkverlinden.nl\/natuurtherapie\/wp-json\/wp\/v2\/users\/1"}],"replies":[{"embeddable":true,"href":"https:\/\/www.praktijkverlinden.nl\/natuurtherapie\/wp-json\/wp\/v2\/comments?post=4312"}],"version-history":[{"count":15,"href":"https:\/\/www.praktijkverlinden.nl\/natuurtherapie\/wp-json\/wp\/v2\/pages\/4312\/revisions"}],"predecessor-version":[{"id":4460,"href":"https:\/\/www.praktijkverlinden.nl\/natuurtherapie\/wp-json\/wp\/v2\/pages\/4312\/revisions\/4460"}],"wp:attachment":[{"href":"https:\/\/www.praktijkverlinden.nl\/natuurtherapie\/wp-json\/wp\/v2\/media?parent=4312"}],"curies":[{"name":"wp","href":"https:\/\/api.w.org\/{rel}","templated":true}]}}